{"id":65688,"date":"2026-04-08T12:27:44","date_gmt":"2026-04-08T11:27:44","guid":{"rendered":"https:\/\/vinoos.nl\/?post_type=product&#038;p=65688"},"modified":"2026-04-08T12:32:20","modified_gmt":"2026-04-08T11:32:20","slug":"bestseller-mini-mix-100","status":"publish","type":"product","link":"https:\/\/vinoos.nl\/de\/produkt\/bestseller-mini-mix-100\/","title":{"rendered":"Bestseller Mini Mix &#8211; 100"},"content":{"rendered":"<p><span style=\"font-weight: 400;\">Auf der Suche nach etwas Originellem f\u00fcr dein Dinner, deine Hochzeit oder Verkostung? Diese luxuri\u00f6s gestalteten Mini-Geschenkpakete machen deine Party zu einer besonderen Erinnerung. Als Aufh\u00fcbscher f\u00fcr deinen &#8222;toasty Moment&#8220;, als Leckerbissen auf der K\u00e4seplatte oder als originelles Mitbringsel beim Abschied. \u00dcberrasche deine G\u00e4ste mit einer essbaren Weinverkostung. Vegan und alkoholfrei, also perfekt f\u00fcr jeden!<\/span><\/p>\n","protected":false},"excerpt":{"rendered":"<p><span style=\"font-weight: 400;\">Mach dein n\u00e4chstes Fest zu einem unvergesslichen Erlebnis!<\/span><\/p>\n","protected":false},"featured_media":65685,"template":"","meta":{"_acf_changed":false,"_et_pb_use_builder":"","_et_pb_old_content":"","_et_gb_content_width":"","inline_featured_image":false,"_monsterinsights_skip_tracking":false,"_monsterinsights_sitenote_active":false,"_monsterinsights_sitenote_note":"","_monsterinsights_sitenote_category":0},"product_brand":[],"product_cat":[293,298],"product_tag":[],"class_list":{"0":"post-65688","1":"product","2":"type-product","3":"status-publish","4":"has-post-thumbnail","6":"product_cat-the-real-wine-gum-de","7":"product_cat-tiny-winy-favors-de-2","8":"pif-has-gallery","10":"first","11":"instock","12":"taxable","13":"shipping-taxable","14":"purchasable","15":"product-type-simple"},"acf":[],"_links":{"self":[{"href":"https:\/\/vinoos.nl\/de\/wp-json\/wp\/v2\/product\/65688","targetHints":{"allow":["GET"]}}],"collection":[{"href":"https:\/\/vinoos.nl\/de\/wp-json\/wp\/v2\/product"}],"about":[{"href":"https:\/\/vinoos.nl\/de\/wp-json\/wp\/v2\/types\/product"}],"wp:featuredmedia":[{"embeddable":true,"href":"https:\/\/vinoos.nl\/de\/wp-json\/wp\/v2\/media\/65685"}],"wp:attachment":[{"href":"https:\/\/vinoos.nl\/de\/wp-json\/wp\/v2\/media?parent=65688"}],"wp:term":[{"taxonomy":"product_brand","embeddable":true,"href":"https:\/\/vinoos.nl\/de\/wp-json\/wp\/v2\/product_brand?post=65688"},{"taxonomy":"product_cat","embeddable":true,"href":"https:\/\/vinoos.nl\/de\/wp-json\/wp\/v2\/product_cat?post=65688"},{"taxonomy":"product_tag","embeddable":true,"href":"https:\/\/vinoos.nl\/de\/wp-json\/wp\/v2\/product_tag?post=65688"}],"curies":[{"name":"wp","href":"https:\/\/api.w.org\/{rel}","templated":true}]}}