{"id":65609,"date":"2026-03-24T13:05:08","date_gmt":"2026-03-24T12:05:08","guid":{"rendered":"https:\/\/vinoos.nl\/?post_type=product&#038;p=65609"},"modified":"2026-03-24T13:09:04","modified_gmt":"2026-03-24T12:09:04","slug":"ring-double-gold-amber-fuchsia","status":"publish","type":"product","link":"https:\/\/vinoos.nl\/de\/produkt\/ring-double-gold-amber-fuchsia\/","title":{"rendered":"RING DOUBLE GOLD &#8211; AMBER \/ FUCHSIA"},"content":{"rendered":"<p>Ein verspielter doppelter Goldring, verziert mit leuchtendem Bernstein und kr\u00e4ftigen fuchsiafarbenen Glasperlen. Die warmen und kr\u00e4ftigen Farbt\u00f6ne bilden einen lebendigen Kontrast, der bei jeder Bewegung das Licht wundersch\u00f6n einf\u00e4ngt. Entworfen, um ganz nach Ihrem Geschmack getragen zu werden \u2013 im Lagenlook oder einzeln f\u00fcr einen dezenten Akzent. Ein kleines Schmuckst\u00fcck mit strahlender Pers\u00f6nlichkeit, perfekt als Geschenk oder um Ihrem Alltagslook einen Farbtupfer zu verleihen.<\/p>\n","protected":false},"excerpt":{"rendered":"<p>Cheers to new rings!<\/p>\n","protected":false},"featured_media":65593,"template":"","meta":{"_acf_changed":false,"_et_pb_use_builder":"","_et_pb_old_content":"","_et_gb_content_width":"","inline_featured_image":false,"_monsterinsights_skip_tracking":false,"_monsterinsights_sitenote_active":false,"_monsterinsights_sitenote_note":"","_monsterinsights_sitenote_category":0},"product_brand":[],"product_cat":[339,281,365,249],"product_tag":[],"class_list":{"0":"post-65609","1":"product","2":"type-product","3":"status-publish","4":"has-post-thumbnail","6":"product_cat-goldschmuck","7":"product_cat-ode-to-green-de","8":"product_cat-ringe","9":"product_cat-wine-jewellery-de","10":"pif-has-gallery","12":"first","13":"instock","14":"taxable","15":"shipping-taxable","16":"purchasable","17":"product-type-simple"},"acf":[],"_links":{"self":[{"href":"https:\/\/vinoos.nl\/de\/wp-json\/wp\/v2\/product\/65609","targetHints":{"allow":["GET"]}}],"collection":[{"href":"https:\/\/vinoos.nl\/de\/wp-json\/wp\/v2\/product"}],"about":[{"href":"https:\/\/vinoos.nl\/de\/wp-json\/wp\/v2\/types\/product"}],"wp:featuredmedia":[{"embeddable":true,"href":"https:\/\/vinoos.nl\/de\/wp-json\/wp\/v2\/media\/65593"}],"wp:attachment":[{"href":"https:\/\/vinoos.nl\/de\/wp-json\/wp\/v2\/media?parent=65609"}],"wp:term":[{"taxonomy":"product_brand","embeddable":true,"href":"https:\/\/vinoos.nl\/de\/wp-json\/wp\/v2\/product_brand?post=65609"},{"taxonomy":"product_cat","embeddable":true,"href":"https:\/\/vinoos.nl\/de\/wp-json\/wp\/v2\/product_cat?post=65609"},{"taxonomy":"product_tag","embeddable":true,"href":"https:\/\/vinoos.nl\/de\/wp-json\/wp\/v2\/product_tag?post=65609"}],"curies":[{"name":"wp","href":"https:\/\/api.w.org\/{rel}","templated":true}]}}