{"id":65184,"date":"2026-02-04T13:22:54","date_gmt":"2026-02-04T12:22:54","guid":{"rendered":"https:\/\/vinoos.nl\/?post_type=product&#038;p=65184"},"modified":"2026-03-10T14:54:37","modified_gmt":"2026-03-10T13:54:37","slug":"kette-sonnen-mint-new-chapter","status":"publish","type":"product","link":"https:\/\/vinoos.nl\/de\/produkt\/kette-sonnen-mint-new-chapter\/","title":{"rendered":"Kette Sonnen Mint &#8211; New chapter."},"content":{"rendered":"<p>Machen Sie einen frischen Schritt nach vorne mit dieser eleganten Sonnenkette mit mintfarbener Glasperle. Der sonnenf\u00f6rmige Anh\u00e4nger steht f\u00fcr Energie, Klarheit und neue Chancen, w\u00e4hrend die sanfte Mintfarbe Ruhe, Erneuerung und Optimismus ausstrahlt. Die Botschaft \u201eNew Chapter\u201d erinnert Sie daran, offen f\u00fcr neue Abenteuer zu sein und einen Neuanfang zu wagen.<\/p>\n<p>Ein stilvolles und bedeutungsvolles Schmuckst\u00fcck, perfekt, um sich selbst zu verw\u00f6hnen oder jemandem zu schenken, der bereit f\u00fcr einen Neuanfang ist.<\/p>\n<p>Die l\u00e4ngste Kette ist ca. 46 cm lang und hat eine Verl\u00e4ngerung von ca. 5 cm. Die beiden Ketten haben zusammen einen Verschluss, sodass sie sch\u00f6n zueinander ausgerichtet bleiben.<\/p>\n","protected":false},"excerpt":{"rendered":"<p>Eine raffinierte Kette mit einer warmen Sonne und einer gl\u00e4nzenden Glasperle!<\/p>\n","protected":false},"featured_media":65182,"template":"","meta":{"_acf_changed":false,"_et_pb_use_builder":"","_et_pb_old_content":"","_et_gb_content_width":"","inline_featured_image":false,"_monsterinsights_skip_tracking":false,"_monsterinsights_sitenote_active":false,"_monsterinsights_sitenote_note":"","_monsterinsights_sitenote_category":0},"product_brand":[],"product_cat":[284,339,249],"product_tag":[],"class_list":{"0":"post-65184","1":"product","2":"type-product","3":"status-publish","4":"has-post-thumbnail","6":"product_cat-colours-of-wine-de","7":"product_cat-goldschmuck","8":"product_cat-wine-jewellery-de","9":"pif-has-gallery","11":"first","12":"instock","13":"taxable","14":"shipping-taxable","15":"purchasable","16":"product-type-simple"},"acf":[],"_links":{"self":[{"href":"https:\/\/vinoos.nl\/de\/wp-json\/wp\/v2\/product\/65184","targetHints":{"allow":["GET"]}}],"collection":[{"href":"https:\/\/vinoos.nl\/de\/wp-json\/wp\/v2\/product"}],"about":[{"href":"https:\/\/vinoos.nl\/de\/wp-json\/wp\/v2\/types\/product"}],"wp:featuredmedia":[{"embeddable":true,"href":"https:\/\/vinoos.nl\/de\/wp-json\/wp\/v2\/media\/65182"}],"wp:attachment":[{"href":"https:\/\/vinoos.nl\/de\/wp-json\/wp\/v2\/media?parent=65184"}],"wp:term":[{"taxonomy":"product_brand","embeddable":true,"href":"https:\/\/vinoos.nl\/de\/wp-json\/wp\/v2\/product_brand?post=65184"},{"taxonomy":"product_cat","embeddable":true,"href":"https:\/\/vinoos.nl\/de\/wp-json\/wp\/v2\/product_cat?post=65184"},{"taxonomy":"product_tag","embeddable":true,"href":"https:\/\/vinoos.nl\/de\/wp-json\/wp\/v2\/product_tag?post=65184"}],"curies":[{"name":"wp","href":"https:\/\/api.w.org\/{rel}","templated":true}]}}