{"id":65172,"date":"2026-02-04T13:17:33","date_gmt":"2026-02-04T12:17:33","guid":{"rendered":"https:\/\/vinoos.nl\/?post_type=product&#038;p=65172"},"modified":"2026-04-19T11:34:56","modified_gmt":"2026-04-19T10:34:56","slug":"kette-sonnen-fuchsia-keep-blooming","status":"publish","type":"product","link":"https:\/\/vinoos.nl\/de\/produkt\/kette-sonnen-fuchsia-keep-blooming\/","title":{"rendered":"Kette Sonnen Fuchsia &#8211; Keep blooming."},"content":{"rendered":"<p>Strahl und bl\u00fche auf mit dieser eleganten Sonnenkette mit fuchsiafarbener Glasperle. Der sonnenf\u00f6rmige Anh\u00e4nger symbolisiert Energie, Wachstum und Positivit\u00e4t, w\u00e4hrend die lebhafte Fuchsiafarbe Kraft, Liebe und Lebensfreude ausstrahlt. Die Botschaft \u201eKeep Blooming\u201d erinnert dich daran, dich weiterzuentwickeln und zu strahlen, Tag f\u00fcr Tag.<\/p>\n<p>Ein stilvolles und bedeutungsvolles Schmuckst\u00fcck, perfekt, um sich selbst zu verw\u00f6hnen oder jemandem zu schenken, der eine Extraportion Farbe und Inspiration verdient.<\/p>\n<p>Die l\u00e4ngste Kette ist ca. 46 cm lang und hat eine Verl\u00e4ngerung von ca. 5 cm. Die beiden Ketten haben zusammen einen Verschluss, sodass sie sch\u00f6n zueinander ausgerichtet bleiben.<\/p>\n","protected":false},"excerpt":{"rendered":"<p>Eine raffinierte Kette mit einer warmen Sonne und einer gl\u00e4nzenden Glasperle!<\/p>\n","protected":false},"featured_media":65170,"template":"","meta":{"_acf_changed":false,"_et_pb_use_builder":"","_et_pb_old_content":"","_et_gb_content_width":"","inline_featured_image":false,"_monsterinsights_skip_tracking":false,"_monsterinsights_sitenote_active":false,"_monsterinsights_sitenote_note":"","_monsterinsights_sitenote_category":0},"product_brand":[],"product_cat":[284,339,249],"product_tag":[],"class_list":{"0":"post-65172","1":"product","2":"type-product","3":"status-publish","4":"has-post-thumbnail","6":"product_cat-colours-of-wine-de","7":"product_cat-goldschmuck","8":"product_cat-wine-jewellery-de","9":"pif-has-gallery","11":"first","12":"instock","13":"taxable","14":"shipping-taxable","15":"purchasable","16":"product-type-simple"},"acf":[],"_links":{"self":[{"href":"https:\/\/vinoos.nl\/de\/wp-json\/wp\/v2\/product\/65172","targetHints":{"allow":["GET"]}}],"collection":[{"href":"https:\/\/vinoos.nl\/de\/wp-json\/wp\/v2\/product"}],"about":[{"href":"https:\/\/vinoos.nl\/de\/wp-json\/wp\/v2\/types\/product"}],"wp:featuredmedia":[{"embeddable":true,"href":"https:\/\/vinoos.nl\/de\/wp-json\/wp\/v2\/media\/65170"}],"wp:attachment":[{"href":"https:\/\/vinoos.nl\/de\/wp-json\/wp\/v2\/media?parent=65172"}],"wp:term":[{"taxonomy":"product_brand","embeddable":true,"href":"https:\/\/vinoos.nl\/de\/wp-json\/wp\/v2\/product_brand?post=65172"},{"taxonomy":"product_cat","embeddable":true,"href":"https:\/\/vinoos.nl\/de\/wp-json\/wp\/v2\/product_cat?post=65172"},{"taxonomy":"product_tag","embeddable":true,"href":"https:\/\/vinoos.nl\/de\/wp-json\/wp\/v2\/product_tag?post=65172"}],"curies":[{"name":"wp","href":"https:\/\/api.w.org\/{rel}","templated":true}]}}