{"id":65136,"date":"2026-02-04T12:52:11","date_gmt":"2026-02-04T11:52:11","guid":{"rendered":"https:\/\/vinoos.nl\/?post_type=product&#038;p=65136"},"modified":"2026-02-04T12:55:08","modified_gmt":"2026-02-04T11:55:08","slug":"kette-kreis-ozean-pure-you","status":"publish","type":"product","link":"https:\/\/vinoos.nl\/de\/produkt\/kette-kreis-ozean-pure-you\/","title":{"rendered":"Kette Kreis Ozean &#8211; Pure you."},"content":{"rendered":"<p>Verbinden Sie Ruhe und Reinheit in dieser eleganten Kreiskette mit ozeanfarbener Glasperle. Die Kreisform symbolisiert Ausgeglichenheit und Unendlichkeit, w\u00e4hrend der tiefe Ozeanfarbton f\u00fcr Klarheit, Tiefe und Selbstverwirklichung steht. Die Botschaft \u201ePure you\u201d macht dieses Schmuckst\u00fcck zu einer sanften Erinnerung daran, sich selbst treu zu bleiben.<\/p>\n<p>Ein zeitloses und raffiniertes Schmuckst\u00fcck, das Sie jeden Tag tragen oder jemandem schenken k\u00f6nnen, den Sie f\u00fcr sein reines Selbst sch\u00e4tzen.<\/p>\n<p>L\u00e4nge der Kette: ca. 40 cm + Verl\u00e4ngerungsst\u00fcck von ca. 6 cm.<\/p>\n","protected":false},"excerpt":{"rendered":"<p>Eine feine Kette mit einem subtilen Kreis und einer gl\u00e4nzenden Glasperle!<\/p>\n","protected":false},"featured_media":65089,"template":"","meta":{"_acf_changed":false,"_et_pb_use_builder":"","_et_pb_old_content":"","_et_gb_content_width":"","inline_featured_image":false,"_monsterinsights_skip_tracking":false,"_monsterinsights_sitenote_active":false,"_monsterinsights_sitenote_note":"","_monsterinsights_sitenote_category":0},"product_brand":[],"product_cat":[284,339,249],"product_tag":[],"class_list":{"0":"post-65136","1":"product","2":"type-product","3":"status-publish","4":"has-post-thumbnail","6":"product_cat-colours-of-wine-de","7":"product_cat-goldschmuck","8":"product_cat-wine-jewellery-de","9":"pif-has-gallery","11":"first","12":"instock","13":"taxable","14":"shipping-taxable","15":"purchasable","16":"product-type-simple"},"acf":[],"_links":{"self":[{"href":"https:\/\/vinoos.nl\/de\/wp-json\/wp\/v2\/product\/65136","targetHints":{"allow":["GET"]}}],"collection":[{"href":"https:\/\/vinoos.nl\/de\/wp-json\/wp\/v2\/product"}],"about":[{"href":"https:\/\/vinoos.nl\/de\/wp-json\/wp\/v2\/types\/product"}],"wp:featuredmedia":[{"embeddable":true,"href":"https:\/\/vinoos.nl\/de\/wp-json\/wp\/v2\/media\/65089"}],"wp:attachment":[{"href":"https:\/\/vinoos.nl\/de\/wp-json\/wp\/v2\/media?parent=65136"}],"wp:term":[{"taxonomy":"product_brand","embeddable":true,"href":"https:\/\/vinoos.nl\/de\/wp-json\/wp\/v2\/product_brand?post=65136"},{"taxonomy":"product_cat","embeddable":true,"href":"https:\/\/vinoos.nl\/de\/wp-json\/wp\/v2\/product_cat?post=65136"},{"taxonomy":"product_tag","embeddable":true,"href":"https:\/\/vinoos.nl\/de\/wp-json\/wp\/v2\/product_tag?post=65136"}],"curies":[{"name":"wp","href":"https:\/\/api.w.org\/{rel}","templated":true}]}}