{"id":65127,"date":"2026-02-04T12:43:35","date_gmt":"2026-02-04T11:43:35","guid":{"rendered":"https:\/\/vinoos.nl\/?post_type=product&#038;p=65127"},"modified":"2026-02-04T12:48:11","modified_gmt":"2026-02-04T11:48:11","slug":"kette-kreis-merlot-always-together","status":"publish","type":"product","link":"https:\/\/vinoos.nl\/de\/produkt\/kette-kreis-merlot-always-together\/","title":{"rendered":"Kette Kreis Merlot &#8211; Always together."},"content":{"rendered":"<p>Ein kraftvolles Symbol der Verbundenheit in der Stille der Nacht. Diese elegante Kreiskette mit merlotfarbener Glasperle steht f\u00fcr gemeinsame St\u00e4rke und ewige Verbundenheit. Der Kreis hat keinen Anfang und kein Ende und unterstreicht die Botschaft \u201eAlways together\u201c \u2013 eine Verbindung, die Bestand hat, gerade wenn man die Nacht f\u00fcr sich beansprucht. Der tiefe Merlot-Farbton strahlt Kraft, Intimit\u00e4t und Entschlossenheit aus.<\/p>\n<p>Ein bedeutungsvolles Schmuckst\u00fcck im Rahmen der Kampagne \u201eDie Nacht geh\u00f6rt auch uns\u201c: f\u00fcr alle, die an Zusammengeh\u00f6rigkeit, Sicherheit und Sichtbarkeit glauben, Tag und Nacht.<\/p>\n<p>L\u00e4nge der Kette: ca. 40 cm + Verl\u00e4ngerungsst\u00fcck von ca. 6 cm.<\/p>\n","protected":false},"excerpt":{"rendered":"<p>Eine feine Kette mit einem subtilen Kreis und einer gl\u00e4nzenden Glasperle!<\/p>\n","protected":false},"featured_media":65122,"template":"","meta":{"_acf_changed":false,"_et_pb_use_builder":"","_et_pb_old_content":"","_et_gb_content_width":"","inline_featured_image":false,"_monsterinsights_skip_tracking":false,"_monsterinsights_sitenote_active":false,"_monsterinsights_sitenote_note":"","_monsterinsights_sitenote_category":0},"product_brand":[],"product_cat":[284,339,249],"product_tag":[],"class_list":{"0":"post-65127","1":"product","2":"type-product","3":"status-publish","4":"has-post-thumbnail","6":"product_cat-colours-of-wine-de","7":"product_cat-goldschmuck","8":"product_cat-wine-jewellery-de","9":"pif-has-gallery","11":"first","12":"outofstock","13":"taxable","14":"shipping-taxable","15":"purchasable","16":"product-type-simple"},"acf":[],"_links":{"self":[{"href":"https:\/\/vinoos.nl\/de\/wp-json\/wp\/v2\/product\/65127","targetHints":{"allow":["GET"]}}],"collection":[{"href":"https:\/\/vinoos.nl\/de\/wp-json\/wp\/v2\/product"}],"about":[{"href":"https:\/\/vinoos.nl\/de\/wp-json\/wp\/v2\/types\/product"}],"wp:featuredmedia":[{"embeddable":true,"href":"https:\/\/vinoos.nl\/de\/wp-json\/wp\/v2\/media\/65122"}],"wp:attachment":[{"href":"https:\/\/vinoos.nl\/de\/wp-json\/wp\/v2\/media?parent=65127"}],"wp:term":[{"taxonomy":"product_brand","embeddable":true,"href":"https:\/\/vinoos.nl\/de\/wp-json\/wp\/v2\/product_brand?post=65127"},{"taxonomy":"product_cat","embeddable":true,"href":"https:\/\/vinoos.nl\/de\/wp-json\/wp\/v2\/product_cat?post=65127"},{"taxonomy":"product_tag","embeddable":true,"href":"https:\/\/vinoos.nl\/de\/wp-json\/wp\/v2\/product_tag?post=65127"}],"curies":[{"name":"wp","href":"https:\/\/api.w.org\/{rel}","templated":true}]}}