{"id":65115,"date":"2026-02-04T12:35:45","date_gmt":"2026-02-04T11:35:45","guid":{"rendered":"https:\/\/vinoos.nl\/?post_type=product&#038;p=65115"},"modified":"2026-04-12T13:49:08","modified_gmt":"2026-04-12T12:49:08","slug":"kette-kreis-minze-you-did-it","status":"publish","type":"product","link":"https:\/\/vinoos.nl\/de\/produkt\/kette-kreis-minze-you-did-it\/","title":{"rendered":"Kette Kreis Minze &#8211; You did it."},"content":{"rendered":"<p>Feiern Sie einen Moment, auf den Sie stolz sein k\u00f6nnen, mit dieser eleganten Kreiskette mit mintfarbener Glasperle. Der Kreis symbolisiert Unendlichkeit und Neuanf\u00e4nge, w\u00e4hrend der frische Mintton f\u00fcr Wachstum, Erfolg und einen positiven Schritt nach vorne steht. Die Bedeutung \u201eYou did it\u201c macht dieses Schmuckst\u00fcck zu einer subtilen Belohnung oder Ermutigung f\u00fcr eine besondere Leistung.<\/p>\n<p>Ein stilvolles und motivierendes Geschenk zu einem Meilenstein \u2013 oder um sich selbst zu belohnen.<\/p>\n<p>L\u00e4nge der Kette: ca. 40 cm + Verl\u00e4ngerungsst\u00fcck von ca. 6 cm.<\/p>\n","protected":false},"excerpt":{"rendered":"<p>Eine feine Kette mit einem subtilen Kreis und einer gl\u00e4nzenden Glasperle!<\/p>\n","protected":false},"featured_media":65113,"template":"","meta":{"_acf_changed":false,"_et_pb_use_builder":"","_et_pb_old_content":"","_et_gb_content_width":"","inline_featured_image":false,"_monsterinsights_skip_tracking":false,"_monsterinsights_sitenote_active":false,"_monsterinsights_sitenote_note":"","_monsterinsights_sitenote_category":0},"product_brand":[],"product_cat":[284,339,249],"product_tag":[],"class_list":{"0":"post-65115","1":"product","2":"type-product","3":"status-publish","4":"has-post-thumbnail","6":"product_cat-colours-of-wine-de","7":"product_cat-goldschmuck","8":"product_cat-wine-jewellery-de","9":"pif-has-gallery","11":"first","12":"instock","13":"taxable","14":"shipping-taxable","15":"purchasable","16":"product-type-simple"},"acf":[],"_links":{"self":[{"href":"https:\/\/vinoos.nl\/de\/wp-json\/wp\/v2\/product\/65115","targetHints":{"allow":["GET"]}}],"collection":[{"href":"https:\/\/vinoos.nl\/de\/wp-json\/wp\/v2\/product"}],"about":[{"href":"https:\/\/vinoos.nl\/de\/wp-json\/wp\/v2\/types\/product"}],"wp:featuredmedia":[{"embeddable":true,"href":"https:\/\/vinoos.nl\/de\/wp-json\/wp\/v2\/media\/65113"}],"wp:attachment":[{"href":"https:\/\/vinoos.nl\/de\/wp-json\/wp\/v2\/media?parent=65115"}],"wp:term":[{"taxonomy":"product_brand","embeddable":true,"href":"https:\/\/vinoos.nl\/de\/wp-json\/wp\/v2\/product_brand?post=65115"},{"taxonomy":"product_cat","embeddable":true,"href":"https:\/\/vinoos.nl\/de\/wp-json\/wp\/v2\/product_cat?post=65115"},{"taxonomy":"product_tag","embeddable":true,"href":"https:\/\/vinoos.nl\/de\/wp-json\/wp\/v2\/product_tag?post=65115"}],"curies":[{"name":"wp","href":"https:\/\/api.w.org\/{rel}","templated":true}]}}