{"id":65091,"date":"2026-02-04T12:19:24","date_gmt":"2026-02-04T11:19:24","guid":{"rendered":"https:\/\/vinoos.nl\/?post_type=product&#038;p=65091"},"modified":"2026-02-04T12:58:54","modified_gmt":"2026-02-04T11:58:54","slug":"kette-kreis-blau-dreams-come-true","status":"publish","type":"product","link":"https:\/\/vinoos.nl\/de\/produkt\/kette-kreis-blau-dreams-come-true\/","title":{"rendered":"Kette Kreis Blau &#8211; Dreams come true."},"content":{"rendered":"<p>Erinnern Sie sich mit dieser eleganten Kreiskette mit blauer Glasperle an Hoffnung, Vertrauen und neue M\u00f6glichkeiten. Der Kreis symbolisiert Unendlichkeit und Ausgeglichenheit, w\u00e4hrend die tiefblaue Farbe f\u00fcr Tr\u00e4ume, Ruhe und Inspiration steht. Die Bedeutung \u201eTr\u00e4ume werden wahr\u201c macht dieses Schmuckst\u00fcck zu einer subtilen Erinnerung daran, weiterhin an sich selbst und Ihre Tr\u00e4ume zu glauben.<\/p>\n<p>Ein stilvolles und bedeutungsvolles Schmuckst\u00fcck, das Sie jeden Tag tragen oder jemandem schenken k\u00f6nnen, der ein bisschen mehr Vertrauen verdient.<\/p>\n<p>L\u00e4nge der Kette: ca. 40 cm + Verl\u00e4ngerungsst\u00fcck von ca. 6 cm.<\/p>\n","protected":false},"excerpt":{"rendered":"<p>Eine feine Kette mit einem subtilen Kreis und einer gl\u00e4nzenden Glasperle!<\/p>\n","protected":false},"featured_media":65134,"template":"","meta":{"_acf_changed":false,"_et_pb_use_builder":"","_et_pb_old_content":"","_et_gb_content_width":"","inline_featured_image":false,"_monsterinsights_skip_tracking":false,"_monsterinsights_sitenote_active":false,"_monsterinsights_sitenote_note":"","_monsterinsights_sitenote_category":0},"product_brand":[],"product_cat":[284,339,249],"product_tag":[],"class_list":{"0":"post-65091","1":"product","2":"type-product","3":"status-publish","4":"has-post-thumbnail","6":"product_cat-colours-of-wine-de","7":"product_cat-goldschmuck","8":"product_cat-wine-jewellery-de","9":"pif-has-gallery","11":"first","12":"instock","13":"taxable","14":"shipping-taxable","15":"purchasable","16":"product-type-simple"},"acf":[],"_links":{"self":[{"href":"https:\/\/vinoos.nl\/de\/wp-json\/wp\/v2\/product\/65091","targetHints":{"allow":["GET"]}}],"collection":[{"href":"https:\/\/vinoos.nl\/de\/wp-json\/wp\/v2\/product"}],"about":[{"href":"https:\/\/vinoos.nl\/de\/wp-json\/wp\/v2\/types\/product"}],"wp:featuredmedia":[{"embeddable":true,"href":"https:\/\/vinoos.nl\/de\/wp-json\/wp\/v2\/media\/65134"}],"wp:attachment":[{"href":"https:\/\/vinoos.nl\/de\/wp-json\/wp\/v2\/media?parent=65091"}],"wp:term":[{"taxonomy":"product_brand","embeddable":true,"href":"https:\/\/vinoos.nl\/de\/wp-json\/wp\/v2\/product_brand?post=65091"},{"taxonomy":"product_cat","embeddable":true,"href":"https:\/\/vinoos.nl\/de\/wp-json\/wp\/v2\/product_cat?post=65091"},{"taxonomy":"product_tag","embeddable":true,"href":"https:\/\/vinoos.nl\/de\/wp-json\/wp\/v2\/product_tag?post=65091"}],"curies":[{"name":"wp","href":"https:\/\/api.w.org\/{rel}","templated":true}]}}