{"id":64197,"date":"2025-10-28T14:30:59","date_gmt":"2025-10-28T13:30:59","guid":{"rendered":"https:\/\/vinoos.nl\/?post_type=product&#038;p=64197"},"modified":"2026-01-24T16:04:10","modified_gmt":"2026-01-24T15:04:10","slug":"ring-single-silber-tuerkis","status":"publish","type":"product","link":"https:\/\/vinoos.nl\/de\/produkt\/ring-single-silber-tuerkis\/","title":{"rendered":"RING SILBER &#8211; T\u00dcRKIS"},"content":{"rendered":"<p>Versch\u00f6nern Sie Ihren Tag mit diesem Silberring und seinem zarten T\u00fcrkisstein \u2013 einem Symbol f\u00fcr Klarheit, Ruhe und unendliche M\u00f6glichkeiten. Tragen Sie ihn als kleinen Muntermacher oder verschenken Sie ihn, um den Abenteuergeist eines Menschen zu feiern. Klein genug f\u00fcr den Briefkasten, gro\u00df genug, um Freude zu bereiten.<\/p>\n","protected":false},"excerpt":{"rendered":"<p>Cheers to new rings!<\/p>\n","protected":false},"featured_media":64902,"template":"","meta":{"_acf_changed":false,"_et_pb_use_builder":"","_et_pb_old_content":"","_et_gb_content_width":"","inline_featured_image":false,"_monsterinsights_skip_tracking":false,"_monsterinsights_sitenote_active":false,"_monsterinsights_sitenote_note":"","_monsterinsights_sitenote_category":0},"product_brand":[],"product_cat":[284,365,341,249],"product_tag":[],"class_list":{"0":"post-64197","1":"product","2":"type-product","3":"status-publish","4":"has-post-thumbnail","6":"product_cat-colours-of-wine-de","7":"product_cat-ringe","8":"product_cat-silberschmuck","9":"product_cat-wine-jewellery-de","10":"pif-has-gallery","12":"first","13":"instock","14":"taxable","15":"shipping-taxable","16":"purchasable","17":"product-type-simple"},"acf":[],"_links":{"self":[{"href":"https:\/\/vinoos.nl\/de\/wp-json\/wp\/v2\/product\/64197","targetHints":{"allow":["GET"]}}],"collection":[{"href":"https:\/\/vinoos.nl\/de\/wp-json\/wp\/v2\/product"}],"about":[{"href":"https:\/\/vinoos.nl\/de\/wp-json\/wp\/v2\/types\/product"}],"wp:featuredmedia":[{"embeddable":true,"href":"https:\/\/vinoos.nl\/de\/wp-json\/wp\/v2\/media\/64902"}],"wp:attachment":[{"href":"https:\/\/vinoos.nl\/de\/wp-json\/wp\/v2\/media?parent=64197"}],"wp:term":[{"taxonomy":"product_brand","embeddable":true,"href":"https:\/\/vinoos.nl\/de\/wp-json\/wp\/v2\/product_brand?post=64197"},{"taxonomy":"product_cat","embeddable":true,"href":"https:\/\/vinoos.nl\/de\/wp-json\/wp\/v2\/product_cat?post=64197"},{"taxonomy":"product_tag","embeddable":true,"href":"https:\/\/vinoos.nl\/de\/wp-json\/wp\/v2\/product_tag?post=64197"}],"curies":[{"name":"wp","href":"https:\/\/api.w.org\/{rel}","templated":true}]}}