{"id":64186,"date":"2025-10-28T14:19:16","date_gmt":"2025-10-28T13:19:16","guid":{"rendered":"https:\/\/vinoos.nl\/?post_type=product&#038;p=64186"},"modified":"2026-04-28T18:07:07","modified_gmt":"2026-04-28T17:07:07","slug":"ring-double-gold-rosa-gruen","status":"publish","type":"product","link":"https:\/\/vinoos.nl\/de\/produkt\/ring-double-gold-rosa-gruen\/","title":{"rendered":"RING DOUBLE GOLD &#8211; ROSA \/ GR\u00dcN"},"content":{"rendered":"<p>Feiern Sie Ausgeglichenheit und Freude mit diesem doppelten Goldring mit zartrosa und gr\u00fcnen Steinen \u2013 eine Harmonie aus Liebe, Wachstum und lebendiger Energie. Tragen Sie ihn einzeln oder zusammen mit anderen Ringen, als Erinnerung an besondere Momente oder als allt\u00e4glichen Zauber. Klein genug f\u00fcr den Briefkasten, gro\u00df genug, um Herzen zum L\u00e4cheln zu bringen.<\/p>\n","protected":false},"excerpt":{"rendered":"<p>Cheers to new rings!<\/p>\n","protected":false},"featured_media":64136,"template":"","meta":{"_acf_changed":false,"_et_pb_use_builder":"","_et_pb_old_content":"","_et_gb_content_width":"","inline_featured_image":false,"_monsterinsights_skip_tracking":false,"_monsterinsights_sitenote_active":false,"_monsterinsights_sitenote_note":"","_monsterinsights_sitenote_category":0},"product_brand":[],"product_cat":[339,281,365,249],"product_tag":[],"class_list":{"0":"post-64186","1":"product","2":"type-product","3":"status-publish","4":"has-post-thumbnail","6":"product_cat-goldschmuck","7":"product_cat-ode-to-green-de","8":"product_cat-ringe","9":"product_cat-wine-jewellery-de","10":"pif-has-gallery","12":"first","13":"instock","14":"taxable","15":"shipping-taxable","16":"purchasable","17":"product-type-simple"},"acf":[],"_links":{"self":[{"href":"https:\/\/vinoos.nl\/de\/wp-json\/wp\/v2\/product\/64186","targetHints":{"allow":["GET"]}}],"collection":[{"href":"https:\/\/vinoos.nl\/de\/wp-json\/wp\/v2\/product"}],"about":[{"href":"https:\/\/vinoos.nl\/de\/wp-json\/wp\/v2\/types\/product"}],"wp:featuredmedia":[{"embeddable":true,"href":"https:\/\/vinoos.nl\/de\/wp-json\/wp\/v2\/media\/64136"}],"wp:attachment":[{"href":"https:\/\/vinoos.nl\/de\/wp-json\/wp\/v2\/media?parent=64186"}],"wp:term":[{"taxonomy":"product_brand","embeddable":true,"href":"https:\/\/vinoos.nl\/de\/wp-json\/wp\/v2\/product_brand?post=64186"},{"taxonomy":"product_cat","embeddable":true,"href":"https:\/\/vinoos.nl\/de\/wp-json\/wp\/v2\/product_cat?post=64186"},{"taxonomy":"product_tag","embeddable":true,"href":"https:\/\/vinoos.nl\/de\/wp-json\/wp\/v2\/product_tag?post=64186"}],"curies":[{"name":"wp","href":"https:\/\/api.w.org\/{rel}","templated":true}]}}