{"id":64183,"date":"2025-10-28T14:13:02","date_gmt":"2025-10-28T13:13:02","guid":{"rendered":"https:\/\/vinoos.nl\/?post_type=product&#038;p=64183"},"modified":"2026-03-02T12:23:29","modified_gmt":"2026-03-02T11:23:29","slug":"ring-single-gold-rosa","status":"publish","type":"product","link":"https:\/\/vinoos.nl\/de\/produkt\/ring-single-gold-rosa\/","title":{"rendered":"RING GOLD &#8211; ROSA"},"content":{"rendered":"<p>Lassen Sie sich vom Charme dieses goldenen Rings mit seinem zartrosa Stein verzaubern \u2013 ein Symbol f\u00fcr Liebe, Freude und sanfte St\u00e4rke. Tragen Sie ihn als t\u00e4gliche Erinnerung an Freundlichkeit und Verbundenheit oder verschenken Sie ihn, um die sch\u00f6nsten Momente des Lebens zu feiern. Eine kostbare \u00dcberraschung, die direkt in den Briefkasten passt. Auf Sie!<\/p>\n","protected":false},"excerpt":{"rendered":"<p>Cheers to new rings!<\/p>\n","protected":false},"featured_media":64151,"template":"","meta":{"_acf_changed":false,"_et_pb_use_builder":"","_et_pb_old_content":"","_et_gb_content_width":"","inline_featured_image":false,"_monsterinsights_skip_tracking":false,"_monsterinsights_sitenote_active":false,"_monsterinsights_sitenote_note":"","_monsterinsights_sitenote_category":0},"product_brand":[],"product_cat":[284,339,365,249],"product_tag":[],"class_list":{"0":"post-64183","1":"product","2":"type-product","3":"status-publish","4":"has-post-thumbnail","6":"product_cat-colours-of-wine-de","7":"product_cat-goldschmuck","8":"product_cat-ringe","9":"product_cat-wine-jewellery-de","10":"pif-has-gallery","12":"first","13":"instock","14":"taxable","15":"shipping-taxable","16":"purchasable","17":"product-type-simple"},"acf":[],"_links":{"self":[{"href":"https:\/\/vinoos.nl\/de\/wp-json\/wp\/v2\/product\/64183","targetHints":{"allow":["GET"]}}],"collection":[{"href":"https:\/\/vinoos.nl\/de\/wp-json\/wp\/v2\/product"}],"about":[{"href":"https:\/\/vinoos.nl\/de\/wp-json\/wp\/v2\/types\/product"}],"wp:featuredmedia":[{"embeddable":true,"href":"https:\/\/vinoos.nl\/de\/wp-json\/wp\/v2\/media\/64151"}],"wp:attachment":[{"href":"https:\/\/vinoos.nl\/de\/wp-json\/wp\/v2\/media?parent=64183"}],"wp:term":[{"taxonomy":"product_brand","embeddable":true,"href":"https:\/\/vinoos.nl\/de\/wp-json\/wp\/v2\/product_brand?post=64183"},{"taxonomy":"product_cat","embeddable":true,"href":"https:\/\/vinoos.nl\/de\/wp-json\/wp\/v2\/product_cat?post=64183"},{"taxonomy":"product_tag","embeddable":true,"href":"https:\/\/vinoos.nl\/de\/wp-json\/wp\/v2\/product_tag?post=64183"}],"curies":[{"name":"wp","href":"https:\/\/api.w.org\/{rel}","templated":true}]}}