{"id":64180,"date":"2025-10-28T14:00:38","date_gmt":"2025-10-28T13:00:38","guid":{"rendered":"https:\/\/vinoos.nl\/?post_type=product&#038;p=64180"},"modified":"2026-03-02T12:25:18","modified_gmt":"2026-03-02T11:25:18","slug":"ring-single-gold-gruen","status":"publish","type":"product","link":"https:\/\/vinoos.nl\/de\/produkt\/ring-single-gold-gruen\/","title":{"rendered":"RING GOLD \u2013 GR\u00dcN"},"content":{"rendered":"<p>Stecken Sie diesen goldenen Ring mit seinem dezenten gr\u00fcnen Stein an \u2013 ein Symbol f\u00fcr Ausgeglichenheit, Wachstum und neue Energie. Eine kleine Erinnerung daran, auf dem Boden zu bleiben, w\u00e4hrend Sie neue Horizonte erschlie\u00dfen. Ein durchdachtes Geschenk, ein bedeutungsvolles Andenken und ja \u2013 er passt sogar in den Briefkasten. Strahlen Sie!<\/p>\n","protected":false},"excerpt":{"rendered":"<p>Cheers to new rings!<\/p>\n","protected":false},"featured_media":64178,"template":"","meta":{"_acf_changed":false,"_et_pb_use_builder":"","_et_pb_old_content":"","_et_gb_content_width":"","inline_featured_image":false,"_monsterinsights_skip_tracking":false,"_monsterinsights_sitenote_active":false,"_monsterinsights_sitenote_note":"","_monsterinsights_sitenote_category":0},"product_brand":[],"product_cat":[284,339,365,249],"product_tag":[],"class_list":{"0":"post-64180","1":"product","2":"type-product","3":"status-publish","4":"has-post-thumbnail","6":"product_cat-colours-of-wine-de","7":"product_cat-goldschmuck","8":"product_cat-ringe","9":"product_cat-wine-jewellery-de","10":"pif-has-gallery","12":"first","13":"instock","14":"taxable","15":"shipping-taxable","16":"purchasable","17":"product-type-simple"},"acf":[],"_links":{"self":[{"href":"https:\/\/vinoos.nl\/de\/wp-json\/wp\/v2\/product\/64180","targetHints":{"allow":["GET"]}}],"collection":[{"href":"https:\/\/vinoos.nl\/de\/wp-json\/wp\/v2\/product"}],"about":[{"href":"https:\/\/vinoos.nl\/de\/wp-json\/wp\/v2\/types\/product"}],"wp:featuredmedia":[{"embeddable":true,"href":"https:\/\/vinoos.nl\/de\/wp-json\/wp\/v2\/media\/64178"}],"wp:attachment":[{"href":"https:\/\/vinoos.nl\/de\/wp-json\/wp\/v2\/media?parent=64180"}],"wp:term":[{"taxonomy":"product_brand","embeddable":true,"href":"https:\/\/vinoos.nl\/de\/wp-json\/wp\/v2\/product_brand?post=64180"},{"taxonomy":"product_cat","embeddable":true,"href":"https:\/\/vinoos.nl\/de\/wp-json\/wp\/v2\/product_cat?post=64180"},{"taxonomy":"product_tag","embeddable":true,"href":"https:\/\/vinoos.nl\/de\/wp-json\/wp\/v2\/product_tag?post=64180"}],"curies":[{"name":"wp","href":"https:\/\/api.w.org\/{rel}","templated":true}]}}