{"id":63703,"date":"2025-09-09T11:37:13","date_gmt":"2025-09-09T10:37:13","guid":{"rendered":"https:\/\/vinoos.nl\/?post_type=product&#038;p=63703"},"modified":"2025-09-09T11:41:59","modified_gmt":"2025-09-09T10:41:59","slug":"trio-set-cocktail-collection","status":"publish","type":"product","link":"https:\/\/vinoos.nl\/de\/produkt\/trio-set-cocktail-collection\/","title":{"rendered":"TRIO SET COCKTAIL COLLECTION"},"content":{"rendered":"<p><strong>Drei Cocktails \u2013 aber \u00fcberraschend anders\u2026<\/strong><br \/>\nUnsere Lifestyle-Cocktail-Gums bringen einen Hauch von Adult Luxury Happiness und fangen das Gef\u00fchl des ersten Schlucks deines Lieblingscocktails ein \u2013 auf eine v\u00f6llig neue Art, ganz ohne Alkohol.<\/p>\n<p>Dieses komplette Set vereint die gesamte Vinoos-Cocktailkollektion in einer stilvollen Box. Genie\u00dfe die spritzige Pink Margarita, den raffinierten Limoncello Spritz und die erfrischenden Sunset Mojito Gums. Das perfekte, originelle Geschenk f\u00fcr alle, die wirklich etwas Besonderes schenken (oder sich selbst verw\u00f6hnen) m\u00f6chten.<\/p>\n","protected":false},"excerpt":{"rendered":"<p>Die perfekte Art, die Vinoos Funky Cocktail-Kollektion zu entdecken.<\/p>\n","protected":false},"featured_media":63761,"template":"","meta":{"_acf_changed":false,"_et_pb_use_builder":"","_et_pb_old_content":"","_et_gb_content_width":"","inline_featured_image":false,"_monsterinsights_skip_tracking":false,"_monsterinsights_sitenote_active":false,"_monsterinsights_sitenote_note":"","_monsterinsights_sitenote_category":0},"product_brand":[],"product_cat":[251,293],"product_tag":[],"class_list":{"0":"post-63703","1":"product","2":"type-product","3":"status-publish","4":"has-post-thumbnail","6":"product_cat-gift-sets","7":"product_cat-the-real-wine-gum-de","9":"first","10":"instock","11":"taxable","12":"shipping-taxable","13":"purchasable","14":"product-type-simple"},"acf":[],"_links":{"self":[{"href":"https:\/\/vinoos.nl\/de\/wp-json\/wp\/v2\/product\/63703","targetHints":{"allow":["GET"]}}],"collection":[{"href":"https:\/\/vinoos.nl\/de\/wp-json\/wp\/v2\/product"}],"about":[{"href":"https:\/\/vinoos.nl\/de\/wp-json\/wp\/v2\/types\/product"}],"wp:featuredmedia":[{"embeddable":true,"href":"https:\/\/vinoos.nl\/de\/wp-json\/wp\/v2\/media\/63761"}],"wp:attachment":[{"href":"https:\/\/vinoos.nl\/de\/wp-json\/wp\/v2\/media?parent=63703"}],"wp:term":[{"taxonomy":"product_brand","embeddable":true,"href":"https:\/\/vinoos.nl\/de\/wp-json\/wp\/v2\/product_brand?post=63703"},{"taxonomy":"product_cat","embeddable":true,"href":"https:\/\/vinoos.nl\/de\/wp-json\/wp\/v2\/product_cat?post=63703"},{"taxonomy":"product_tag","embeddable":true,"href":"https:\/\/vinoos.nl\/de\/wp-json\/wp\/v2\/product_tag?post=63703"}],"curies":[{"name":"wp","href":"https:\/\/api.w.org\/{rel}","templated":true}]}}