{"id":63536,"date":"2025-08-18T13:31:19","date_gmt":"2025-08-18T12:31:19","guid":{"rendered":"https:\/\/vinoos.nl\/?post_type=product&#038;p=63536"},"modified":"2025-08-18T13:36:12","modified_gmt":"2025-08-18T12:36:12","slug":"armband-schwarz-no-one-like-you","status":"publish","type":"product","link":"https:\/\/vinoos.nl\/de\/produkt\/armband-schwarz-no-one-like-you\/","title":{"rendered":"Armband Schwarz &#8211; No one like you"},"content":{"rendered":"<p>Schm\u00fccken Sie Ihr Handgelenk mit diesem Edelstahlarmband mit schwarzer Glasperle \u2013 es ist Zeit zu gl\u00e4nzen! Ein besonderes Geschenk, das auch durch den Briefkasten passt. Prost!<\/p>\n<p>Die L\u00e4nge des Armbands betr\u00e4gt ca. 15 cm mit einem Verl\u00e4ngerungsst\u00fcck von ca. 2,5 cm.<\/p>\n","protected":false},"excerpt":{"rendered":"<p><span style=\"font-weight: 400;\">Ein subtiler Edelstahlarmreif mit einer gl\u00e4nzenden Glasperle!<\/span><\/p>\n","protected":false},"featured_media":63528,"template":"","meta":{"_acf_changed":false,"_et_pb_use_builder":"","_et_pb_old_content":"","_et_gb_content_width":"","inline_featured_image":false,"_monsterinsights_skip_tracking":false,"_monsterinsights_sitenote_active":false,"_monsterinsights_sitenote_note":"","_monsterinsights_sitenote_category":0},"product_brand":[],"product_cat":[284,339,249],"product_tag":[],"class_list":{"0":"post-63536","1":"product","2":"type-product","3":"status-publish","4":"has-post-thumbnail","6":"product_cat-colours-of-wine-de","7":"product_cat-goldschmuck","8":"product_cat-wine-jewellery-de","9":"pif-has-gallery","11":"first","12":"instock","13":"taxable","14":"shipping-taxable","15":"purchasable","16":"product-type-simple"},"acf":[],"_links":{"self":[{"href":"https:\/\/vinoos.nl\/de\/wp-json\/wp\/v2\/product\/63536","targetHints":{"allow":["GET"]}}],"collection":[{"href":"https:\/\/vinoos.nl\/de\/wp-json\/wp\/v2\/product"}],"about":[{"href":"https:\/\/vinoos.nl\/de\/wp-json\/wp\/v2\/types\/product"}],"wp:featuredmedia":[{"embeddable":true,"href":"https:\/\/vinoos.nl\/de\/wp-json\/wp\/v2\/media\/63528"}],"wp:attachment":[{"href":"https:\/\/vinoos.nl\/de\/wp-json\/wp\/v2\/media?parent=63536"}],"wp:term":[{"taxonomy":"product_brand","embeddable":true,"href":"https:\/\/vinoos.nl\/de\/wp-json\/wp\/v2\/product_brand?post=63536"},{"taxonomy":"product_cat","embeddable":true,"href":"https:\/\/vinoos.nl\/de\/wp-json\/wp\/v2\/product_cat?post=63536"},{"taxonomy":"product_tag","embeddable":true,"href":"https:\/\/vinoos.nl\/de\/wp-json\/wp\/v2\/product_tag?post=63536"}],"curies":[{"name":"wp","href":"https:\/\/api.w.org\/{rel}","templated":true}]}}