{"id":62753,"date":"2025-04-15T11:29:57","date_gmt":"2025-04-15T10:29:57","guid":{"rendered":"https:\/\/vinoos.nl\/product\/ketting-rond-zilver-zwart-big-hug\/"},"modified":"2025-12-15T19:52:46","modified_gmt":"2025-12-15T18:52:46","slug":"ketting-rond-zilver-zwart-big-hug","status":"publish","type":"product","link":"https:\/\/vinoos.nl\/de\/produkt\/ketting-rond-zilver-zwart-big-hug\/","title":{"rendered":"KETTE KREIS SILBER SCHWARZ &#8211; BIG HUG."},"content":{"rendered":"<p>Umarme dich selbst mit der W\u00e4rme einer tiefen, liebevollen Umarmung mit dieser schwarzen Glasperle \u2013 ein Symbol f\u00fcr Verbundenheit, Trost und St\u00e4rke. Wie eine Umarmung, die dich erdet, tr\u00e4gt dieses Schmuckst\u00fcck die stille Kraft von Liebe und Geborgenheit in sich. Ein zeitloses Geschenk, einfach zu versenden und noch einfacher zu sch\u00e4tzen.<\/p>\n<p>Die einzelne Kette ist ca. 40 cm lang mit einem Verl\u00e4ngerungsst\u00fcck von ca. 6 cm.<\/p>\n","protected":false},"excerpt":{"rendered":"<p>Eine feine Kette mit einem subtilen Kreis und einer gl\u00e4nzenden Glasperle!<\/p>\n","protected":false},"featured_media":62745,"template":"","meta":{"_acf_changed":false,"_et_pb_use_builder":"off","_et_pb_old_content":"","_et_gb_content_width":"","inline_featured_image":false,"_monsterinsights_skip_tracking":false,"_monsterinsights_sitenote_active":false,"_monsterinsights_sitenote_note":"","_monsterinsights_sitenote_category":0},"product_brand":[],"product_cat":[284,341,249],"product_tag":[],"class_list":{"0":"post-62753","1":"product","2":"type-product","3":"status-publish","4":"has-post-thumbnail","6":"product_cat-colours-of-wine-de","7":"product_cat-silberschmuck","8":"product_cat-wine-jewellery-de","9":"pif-has-gallery","11":"first","12":"instock","13":"taxable","14":"shipping-taxable","15":"purchasable","16":"product-type-simple"},"acf":[],"_links":{"self":[{"href":"https:\/\/vinoos.nl\/de\/wp-json\/wp\/v2\/product\/62753","targetHints":{"allow":["GET"]}}],"collection":[{"href":"https:\/\/vinoos.nl\/de\/wp-json\/wp\/v2\/product"}],"about":[{"href":"https:\/\/vinoos.nl\/de\/wp-json\/wp\/v2\/types\/product"}],"wp:featuredmedia":[{"embeddable":true,"href":"https:\/\/vinoos.nl\/de\/wp-json\/wp\/v2\/media\/62745"}],"wp:attachment":[{"href":"https:\/\/vinoos.nl\/de\/wp-json\/wp\/v2\/media?parent=62753"}],"wp:term":[{"taxonomy":"product_brand","embeddable":true,"href":"https:\/\/vinoos.nl\/de\/wp-json\/wp\/v2\/product_brand?post=62753"},{"taxonomy":"product_cat","embeddable":true,"href":"https:\/\/vinoos.nl\/de\/wp-json\/wp\/v2\/product_cat?post=62753"},{"taxonomy":"product_tag","embeddable":true,"href":"https:\/\/vinoos.nl\/de\/wp-json\/wp\/v2\/product_tag?post=62753"}],"curies":[{"name":"wp","href":"https:\/\/api.w.org\/{rel}","templated":true}]}}