{"id":61004,"date":"2024-11-15T02:01:53","date_gmt":"2024-11-15T01:01:53","guid":{"rendered":"https:\/\/vinoos.nl\/?post_type=product&#038;p=61004"},"modified":"2026-01-05T19:40:35","modified_gmt":"2026-01-05T18:40:35","slug":"trio-deluxe-giftset-you-are-wonderful","status":"publish","type":"product","link":"https:\/\/vinoos.nl\/de\/produkt\/trio-deluxe-giftset-you-are-wonderful\/","title":{"rendered":"Trio Deluxe Giftset &#8211; You Are Wonderful"},"content":{"rendered":"<p>Drei luxuri\u00f6se Weine, aber anders\u2026 Diese Premium-Sparkling-Wine-Gums sind ein erwachsenes Luxusgl\u00fcck und versuchen, das Geschmackserlebnis des ersten Schlucks Sparkling Wein auf eine innovative Weise zu realisieren, ohne dass tats\u00e4chlich getrunken wird. Dieses All-in-One-Set pr\u00e4sentiert die gesamte VINOOS DELUXE Kollektion, bestehend aus einem wei\u00dfen Grand Cru, rotem Sparkling Shiraz und den sch\u00f6nen Ros\u00e9 Sparkling Wine Gums. Wenn Sie wirklich etwas besonders Originelles verschenken m\u00f6chten.<\/p>\n","protected":false},"excerpt":{"rendered":"<p>F\u00fcr den echten Weinkenner, der ein besonderes Verkostungserlebnis liebt.<\/p>\n","protected":false},"featured_media":59892,"template":"","meta":{"_acf_changed":false,"_et_pb_use_builder":"","_et_pb_old_content":"","_et_gb_content_width":"","inline_featured_image":false,"_monsterinsights_skip_tracking":false,"_monsterinsights_sitenote_active":false,"_monsterinsights_sitenote_note":"","_monsterinsights_sitenote_category":0},"product_brand":[],"product_cat":[251,293],"product_tag":[292],"class_list":{"0":"post-61004","1":"product","2":"type-product","3":"status-publish","4":"has-post-thumbnail","6":"product_cat-gift-sets","7":"product_cat-the-real-wine-gum-de","8":"product_tag-eu-de","9":"pif-has-gallery","11":"first","12":"instock","13":"taxable","14":"shipping-taxable","15":"purchasable","16":"product-type-simple"},"acf":[],"_links":{"self":[{"href":"https:\/\/vinoos.nl\/de\/wp-json\/wp\/v2\/product\/61004","targetHints":{"allow":["GET"]}}],"collection":[{"href":"https:\/\/vinoos.nl\/de\/wp-json\/wp\/v2\/product"}],"about":[{"href":"https:\/\/vinoos.nl\/de\/wp-json\/wp\/v2\/types\/product"}],"wp:featuredmedia":[{"embeddable":true,"href":"https:\/\/vinoos.nl\/de\/wp-json\/wp\/v2\/media\/59892"}],"wp:attachment":[{"href":"https:\/\/vinoos.nl\/de\/wp-json\/wp\/v2\/media?parent=61004"}],"wp:term":[{"taxonomy":"product_brand","embeddable":true,"href":"https:\/\/vinoos.nl\/de\/wp-json\/wp\/v2\/product_brand?post=61004"},{"taxonomy":"product_cat","embeddable":true,"href":"https:\/\/vinoos.nl\/de\/wp-json\/wp\/v2\/product_cat?post=61004"},{"taxonomy":"product_tag","embeddable":true,"href":"https:\/\/vinoos.nl\/de\/wp-json\/wp\/v2\/product_tag?post=61004"}],"curies":[{"name":"wp","href":"https:\/\/api.w.org\/{rel}","templated":true}]}}