{"id":60010,"date":"2023-11-22T11:16:54","date_gmt":"2023-11-22T10:16:54","guid":{"rendered":"https:\/\/vinoos.nl\/?post_type=product&#038;p=60010"},"modified":"2026-03-11T20:51:19","modified_gmt":"2026-03-11T19:51:19","slug":"armband-lichtrosa-friends-forever","status":"publish","type":"product","link":"https:\/\/vinoos.nl\/de\/produkt\/armband-lichtrosa-friends-forever\/","title":{"rendered":"Armband Lichtrosa &#8211; Friends Forever"},"content":{"rendered":"<p><span style=\"font-weight: 400;\">Pflege eine langj\u00e4hrige Freundschaft mit diesem Edelstahlarmband mit einer hellrosa Glasperle. Dieses Schmuckst\u00fcck strahlt W\u00e4rme und Freude aus. Ein besonderes Geschenk, das auch durch den Briefkasten passt. Prost!<\/span><\/p>\n<p><span style=\"font-weight: 400;\">Die L\u00e4nge des Armbandes betr\u00e4gt ca. 15 cm mit einer Verl\u00e4ngerung von ca. 2,5 cm.<\/span><\/p>\n","protected":false},"excerpt":{"rendered":"<p><span style=\"font-weight: 400;\">Ein subtiler Edelstahlarmreif mit einer gl\u00e4nzenden Glasperle!<\/span><\/p>\n","protected":false},"featured_media":60011,"template":"","meta":{"_acf_changed":false,"_et_pb_use_builder":"","_et_pb_old_content":"","_et_gb_content_width":"","inline_featured_image":false,"_monsterinsights_skip_tracking":false,"_monsterinsights_sitenote_active":false,"_monsterinsights_sitenote_note":"","_monsterinsights_sitenote_category":0},"product_brand":[],"product_cat":[284,339,249],"product_tag":[],"class_list":{"0":"post-60010","1":"product","2":"type-product","3":"status-publish","4":"has-post-thumbnail","6":"product_cat-colours-of-wine-de","7":"product_cat-goldschmuck","8":"product_cat-wine-jewellery-de","9":"pif-has-gallery","11":"first","12":"instock","13":"taxable","14":"shipping-taxable","15":"purchasable","16":"product-type-simple"},"acf":[],"_links":{"self":[{"href":"https:\/\/vinoos.nl\/de\/wp-json\/wp\/v2\/product\/60010","targetHints":{"allow":["GET"]}}],"collection":[{"href":"https:\/\/vinoos.nl\/de\/wp-json\/wp\/v2\/product"}],"about":[{"href":"https:\/\/vinoos.nl\/de\/wp-json\/wp\/v2\/types\/product"}],"wp:featuredmedia":[{"embeddable":true,"href":"https:\/\/vinoos.nl\/de\/wp-json\/wp\/v2\/media\/60011"}],"wp:attachment":[{"href":"https:\/\/vinoos.nl\/de\/wp-json\/wp\/v2\/media?parent=60010"}],"wp:term":[{"taxonomy":"product_brand","embeddable":true,"href":"https:\/\/vinoos.nl\/de\/wp-json\/wp\/v2\/product_brand?post=60010"},{"taxonomy":"product_cat","embeddable":true,"href":"https:\/\/vinoos.nl\/de\/wp-json\/wp\/v2\/product_cat?post=60010"},{"taxonomy":"product_tag","embeddable":true,"href":"https:\/\/vinoos.nl\/de\/wp-json\/wp\/v2\/product_tag?post=60010"}],"curies":[{"name":"wp","href":"https:\/\/api.w.org\/{rel}","templated":true}]}}