{"id":59996,"date":"2023-11-22T11:17:01","date_gmt":"2023-11-22T10:17:01","guid":{"rendered":"https:\/\/vinoos.nl\/?post_type=product&#038;p=59996"},"modified":"2025-05-06T10:52:55","modified_gmt":"2025-05-06T09:52:55","slug":"kette-sonnen-schwarz-happy-together","status":"publish","type":"product","link":"https:\/\/vinoos.nl\/de\/produkt\/kette-sonnen-schwarz-happy-together\/","title":{"rendered":"Kette Sonnen Schwarz &#8211; Happy Together"},"content":{"rendered":"<p><span style=\"font-weight: 400;\">Diese schwarze Sonnenkette steht f\u00fcr Verbundenheit und Genuss und ist perfekt f\u00fcr Momente des Zusammenseins und der Freude. Ein besonderes Geschenk, das auch noch durch den Briefkasten passt. Prost!<\/span><\/p>\n<p><span style=\"font-weight: 400;\">Die l\u00e4ngste Kette ist ca. 46 cm lang mit einem Verl\u00e4ngerungsst\u00fcck von ca. 5 cm. Die beiden Ketten haben gemeinsam einen Verschluss, so dass sie sich sch\u00f6n im Verh\u00e4ltnis zueinander halten.<\/span><\/p>\n","protected":false},"excerpt":{"rendered":"<p><span style=\"font-weight: 400;\">Eine raffinierte Kette mit einer warmen Sonne und einer gl\u00e4nzenden Glasperle!<\/span><\/p>\n","protected":false},"featured_media":59998,"template":"","meta":{"_acf_changed":false,"_et_pb_use_builder":"","_et_pb_old_content":"","_et_gb_content_width":"","inline_featured_image":false,"_monsterinsights_skip_tracking":false,"_monsterinsights_sitenote_active":false,"_monsterinsights_sitenote_note":"","_monsterinsights_sitenote_category":0},"product_brand":[],"product_cat":[284,339,249],"product_tag":[],"class_list":{"0":"post-59996","1":"product","2":"type-product","3":"status-publish","4":"has-post-thumbnail","6":"product_cat-colours-of-wine-de","7":"product_cat-goldschmuck","8":"product_cat-wine-jewellery-de","10":"first","11":"outofstock","12":"taxable","13":"shipping-taxable","14":"purchasable","15":"product-type-simple"},"acf":[],"_links":{"self":[{"href":"https:\/\/vinoos.nl\/de\/wp-json\/wp\/v2\/product\/59996","targetHints":{"allow":["GET"]}}],"collection":[{"href":"https:\/\/vinoos.nl\/de\/wp-json\/wp\/v2\/product"}],"about":[{"href":"https:\/\/vinoos.nl\/de\/wp-json\/wp\/v2\/types\/product"}],"wp:featuredmedia":[{"embeddable":true,"href":"https:\/\/vinoos.nl\/de\/wp-json\/wp\/v2\/media\/59998"}],"wp:attachment":[{"href":"https:\/\/vinoos.nl\/de\/wp-json\/wp\/v2\/media?parent=59996"}],"wp:term":[{"taxonomy":"product_brand","embeddable":true,"href":"https:\/\/vinoos.nl\/de\/wp-json\/wp\/v2\/product_brand?post=59996"},{"taxonomy":"product_cat","embeddable":true,"href":"https:\/\/vinoos.nl\/de\/wp-json\/wp\/v2\/product_cat?post=59996"},{"taxonomy":"product_tag","embeddable":true,"href":"https:\/\/vinoos.nl\/de\/wp-json\/wp\/v2\/product_tag?post=59996"}],"curies":[{"name":"wp","href":"https:\/\/api.w.org\/{rel}","templated":true}]}}