{"id":59979,"date":"2023-11-22T11:16:49","date_gmt":"2023-11-22T10:16:49","guid":{"rendered":"https:\/\/vinoos.nl\/?post_type=product&#038;p=59979"},"modified":"2026-03-20T10:11:52","modified_gmt":"2026-03-20T09:11:52","slug":"kette-sonnen-creme-cheers-to-you","status":"publish","type":"product","link":"https:\/\/vinoos.nl\/de\/produkt\/kette-sonnen-creme-cheers-to-you\/","title":{"rendered":"Kette Sonnen Creme &#8211; Cheers To You"},"content":{"rendered":"<p><span style=\"font-weight: 400;\">Feiern Sie die W\u00e4rme mit dieser Sonnencreme inspirierten Kette. F\u00fcr Ihr strahlendes Selbst und das Ausstrahlen von Positivit\u00e4t, wohin Sie auch gehen. Ein besonderes Geschenk, das auch noch durch den Briefkasten passt. Prost!<\/span><\/p>\n<p><span style=\"font-weight: 400;\">Die l\u00e4ngste Kette ist ca. 46 cm lang mit einem Verl\u00e4ngerungsst\u00fcck von ca. 5 cm. Die beiden Ketten haben gemeinsam einen Verschluss, so dass sie sich sch\u00f6n im Verh\u00e4ltnis zueinander halten.<\/span><\/p>\n","protected":false},"excerpt":{"rendered":"<p><span style=\"font-weight: 400;\">Eine raffinierte Kette mit einer warmen Sonne und einer gl\u00e4nzenden Glasperle!<\/span><\/p>\n","protected":false},"featured_media":59988,"template":"","meta":{"_acf_changed":false,"_et_pb_use_builder":"","_et_pb_old_content":"","_et_gb_content_width":"","inline_featured_image":false,"_monsterinsights_skip_tracking":false,"_monsterinsights_sitenote_active":false,"_monsterinsights_sitenote_note":"","_monsterinsights_sitenote_category":0},"product_brand":[],"product_cat":[284,289,339,341,249],"product_tag":[],"class_list":{"0":"post-59979","1":"product","2":"type-product","3":"status-publish","4":"has-post-thumbnail","6":"product_cat-colours-of-wine-de","7":"product_cat-our-favourites-de","8":"product_cat-goldschmuck","9":"product_cat-silberschmuck","10":"product_cat-wine-jewellery-de","11":"pif-has-gallery","13":"first","14":"instock","15":"taxable","16":"shipping-taxable","17":"purchasable","18":"product-type-variable"},"acf":[],"_links":{"self":[{"href":"https:\/\/vinoos.nl\/de\/wp-json\/wp\/v2\/product\/59979","targetHints":{"allow":["GET"]}}],"collection":[{"href":"https:\/\/vinoos.nl\/de\/wp-json\/wp\/v2\/product"}],"about":[{"href":"https:\/\/vinoos.nl\/de\/wp-json\/wp\/v2\/types\/product"}],"wp:featuredmedia":[{"embeddable":true,"href":"https:\/\/vinoos.nl\/de\/wp-json\/wp\/v2\/media\/59988"}],"wp:attachment":[{"href":"https:\/\/vinoos.nl\/de\/wp-json\/wp\/v2\/media?parent=59979"}],"wp:term":[{"taxonomy":"product_brand","embeddable":true,"href":"https:\/\/vinoos.nl\/de\/wp-json\/wp\/v2\/product_brand?post=59979"},{"taxonomy":"product_cat","embeddable":true,"href":"https:\/\/vinoos.nl\/de\/wp-json\/wp\/v2\/product_cat?post=59979"},{"taxonomy":"product_tag","embeddable":true,"href":"https:\/\/vinoos.nl\/de\/wp-json\/wp\/v2\/product_tag?post=59979"}],"curies":[{"name":"wp","href":"https:\/\/api.w.org\/{rel}","templated":true}]}}