{"id":59951,"date":"2023-11-22T11:17:10","date_gmt":"2023-11-22T10:17:10","guid":{"rendered":"https:\/\/vinoos.nl\/?post_type=product&#038;p=59951"},"modified":"2026-02-11T20:40:49","modified_gmt":"2026-02-11T19:40:49","slug":"ohrstecker-gold-braun-sunshine","status":"publish","type":"product","link":"https:\/\/vinoos.nl\/de\/produkt\/ohrstecker-gold-braun-sunshine\/","title":{"rendered":"Ohrstecker Gold Braun &#8211; Sunshine"},"content":{"rendered":"<p><span style=\"font-weight: 400;\">Geben Sie Ihrem Outfit mit diesen wundersch\u00f6nen Ohrringen aus recycelten Weinflaschen einen zus\u00e4tzlichen Akzent. Jedes Paar ist eine herrliche Kombination aus Nachhaltigkeit und Raffinesse, handgefertigt aus wiederverwertetem Glas von Weinflaschen. Ein besonderes Geschenk, das auch noch durch den Briefkasten passt. Prost!<\/span><\/p>\n<p><span style=\"font-weight: 400;\">Sie k\u00f6nnen den Ohrring an der R\u00fcckseite herunterh\u00e4ngen lassen oder das Kettchen nochmals durch ein zweites Loch f\u00fchren f\u00fcr einen kreativen Touch!<\/span><\/p>\n","protected":false},"excerpt":{"rendered":"<p><span style=\"font-weight: 400;\">Verfeinerte handgefertigte Ohrringe, hergestellt aus Weinflaschen!<\/span><\/p>\n","protected":false},"featured_media":59952,"template":"","meta":{"_acf_changed":false,"_et_pb_use_builder":"","_et_pb_old_content":"","_et_gb_content_width":"","inline_featured_image":false,"_monsterinsights_skip_tracking":false,"_monsterinsights_sitenote_active":false,"_monsterinsights_sitenote_note":"","_monsterinsights_sitenote_category":0},"product_brand":[],"product_cat":[284,339,250,249],"product_tag":[],"class_list":{"0":"post-59951","1":"product","2":"type-product","3":"status-publish","4":"has-post-thumbnail","6":"product_cat-colours-of-wine-de","7":"product_cat-goldschmuck","8":"product_cat-ohrringe","9":"product_cat-wine-jewellery-de","10":"pif-has-gallery","12":"first","13":"outofstock","14":"taxable","15":"shipping-taxable","16":"purchasable","17":"product-type-simple"},"acf":[],"_links":{"self":[{"href":"https:\/\/vinoos.nl\/de\/wp-json\/wp\/v2\/product\/59951","targetHints":{"allow":["GET"]}}],"collection":[{"href":"https:\/\/vinoos.nl\/de\/wp-json\/wp\/v2\/product"}],"about":[{"href":"https:\/\/vinoos.nl\/de\/wp-json\/wp\/v2\/types\/product"}],"wp:featuredmedia":[{"embeddable":true,"href":"https:\/\/vinoos.nl\/de\/wp-json\/wp\/v2\/media\/59952"}],"wp:attachment":[{"href":"https:\/\/vinoos.nl\/de\/wp-json\/wp\/v2\/media?parent=59951"}],"wp:term":[{"taxonomy":"product_brand","embeddable":true,"href":"https:\/\/vinoos.nl\/de\/wp-json\/wp\/v2\/product_brand?post=59951"},{"taxonomy":"product_cat","embeddable":true,"href":"https:\/\/vinoos.nl\/de\/wp-json\/wp\/v2\/product_cat?post=59951"},{"taxonomy":"product_tag","embeddable":true,"href":"https:\/\/vinoos.nl\/de\/wp-json\/wp\/v2\/product_tag?post=59951"}],"curies":[{"name":"wp","href":"https:\/\/api.w.org\/{rel}","templated":true}]}}