{"id":59815,"date":"2020-10-13T13:34:23","date_gmt":"2024-07-17T07:09:32","guid":{"rendered":"https:\/\/vinoos.nl\/?post_type=product&#038;p=59815"},"modified":"2024-08-23T07:44:17","modified_gmt":"2024-08-23T06:44:17","slug":"trio-gift-set","status":"publish","type":"product","link":"https:\/\/vinoos.nl\/de\/produkt\/trio-gift-set\/","title":{"rendered":"Trio Gift Set"},"content":{"rendered":"<p><span style=\"font-weight: 400;\">Drei Weine, aber anders&#8230; Diese Lifestyle-Weingummis sind ein erwachsenes Luxusgl\u00fcck und versuchen, das Geschmackserlebnis des ersten Schlucks Wein auf eine innovative Weise zu realisieren, ohne tats\u00e4chlich zu trinken.<\/span><\/p>\n<p><span style=\"font-weight: 400;\">Dieses All-in-One-Set pr\u00e4sentiert die gesamte Vinoos-Kollektion, bestehend aus einem wei\u00dfen Chardonnay, rotem Merlot und den sch\u00f6nen Ros\u00e9-Weingummis. Wenn Sie wirklich etwas besonders Originelles verschenken m\u00f6chten.<\/span><\/p>\n","protected":false},"excerpt":{"rendered":"<p><span style=\"font-weight: 400;\">Die perfekte M\u00f6glichkeit, die Vinoos-Kollektion zu entdecken.<\/span><\/p>\n","protected":false},"featured_media":59819,"template":"","meta":{"_acf_changed":false,"_et_pb_use_builder":"","_et_pb_old_content":"","_et_gb_content_width":"","inline_featured_image":false,"_monsterinsights_skip_tracking":false,"_monsterinsights_sitenote_active":false,"_monsterinsights_sitenote_note":"","_monsterinsights_sitenote_category":0},"product_brand":[],"product_cat":[251,293],"product_tag":[],"class_list":{"0":"post-59815","1":"product","2":"type-product","3":"status-publish","4":"has-post-thumbnail","6":"product_cat-gift-sets","7":"product_cat-the-real-wine-gum-de","8":"pif-has-gallery","10":"first","11":"instock","12":"taxable","13":"shipping-taxable","14":"purchasable","15":"product-type-simple"},"acf":[],"_links":{"self":[{"href":"https:\/\/vinoos.nl\/de\/wp-json\/wp\/v2\/product\/59815","targetHints":{"allow":["GET"]}}],"collection":[{"href":"https:\/\/vinoos.nl\/de\/wp-json\/wp\/v2\/product"}],"about":[{"href":"https:\/\/vinoos.nl\/de\/wp-json\/wp\/v2\/types\/product"}],"wp:featuredmedia":[{"embeddable":true,"href":"https:\/\/vinoos.nl\/de\/wp-json\/wp\/v2\/media\/59819"}],"wp:attachment":[{"href":"https:\/\/vinoos.nl\/de\/wp-json\/wp\/v2\/media?parent=59815"}],"wp:term":[{"taxonomy":"product_brand","embeddable":true,"href":"https:\/\/vinoos.nl\/de\/wp-json\/wp\/v2\/product_brand?post=59815"},{"taxonomy":"product_cat","embeddable":true,"href":"https:\/\/vinoos.nl\/de\/wp-json\/wp\/v2\/product_cat?post=59815"},{"taxonomy":"product_tag","embeddable":true,"href":"https:\/\/vinoos.nl\/de\/wp-json\/wp\/v2\/product_tag?post=59815"}],"curies":[{"name":"wp","href":"https:\/\/api.w.org\/{rel}","templated":true}]}}