{"id":59691,"date":"2020-10-13T12:54:16","date_gmt":"2020-10-13T10:54:16","guid":{"rendered":"https:\/\/vinoos.nl\/?post_type=product&#038;p=59691"},"modified":"2026-03-19T19:34:56","modified_gmt":"2026-03-19T18:34:56","slug":"merlot","status":"publish","type":"product","link":"https:\/\/vinoos.nl\/de\/produkt\/merlot\/","title":{"rendered":"Merlot"},"content":{"rendered":"<p><span style=\"font-weight: 400;\">Ein schickes Schwarz, das man als Geschenk in der Tasche tragen kann! Eine gro\u00dfe \u00dcberraschung ist dieser rubinrote Vinoos Merlot mit einer fantastischen Palette von verf\u00fchrerischen reifen Kirschen, schwarzen Fr\u00fcchten und erdigen Noten. Auf der Zunge eine belebende S\u00e4ure und ein kr\u00e4ftiger Abgang. K\u00f6stlich auch auf einer K\u00e4seplatte!<\/span><\/p>\n","protected":false},"excerpt":{"rendered":"<p><span style=\"font-weight: 400;\">Dieser vollmundige Ruby verf\u00fchrt jeden Rotweinliebhaber.<\/span><\/p>\n","protected":false},"featured_media":59692,"template":"","meta":{"_acf_changed":false,"_et_pb_use_builder":"","_et_pb_old_content":"","_et_gb_content_width":"","inline_featured_image":false,"_monsterinsights_skip_tracking":false,"_monsterinsights_sitenote_active":false,"_monsterinsights_sitenote_note":"","_monsterinsights_sitenote_category":0},"product_brand":[],"product_cat":[253,296,293],"product_tag":[292],"class_list":{"0":"post-59691","1":"product","2":"type-product","3":"status-publish","4":"has-post-thumbnail","6":"product_cat-keine-kategorie","7":"product_cat-large-boxes-de","8":"product_cat-the-real-wine-gum-de","9":"product_tag-eu-de","10":"product_shipping_class-2-dagen-de","11":"pif-has-gallery","13":"first","14":"instock","15":"featured","16":"taxable","17":"shipping-taxable","18":"purchasable","19":"product-type-simple"},"acf":[],"_links":{"self":[{"href":"https:\/\/vinoos.nl\/de\/wp-json\/wp\/v2\/product\/59691","targetHints":{"allow":["GET"]}}],"collection":[{"href":"https:\/\/vinoos.nl\/de\/wp-json\/wp\/v2\/product"}],"about":[{"href":"https:\/\/vinoos.nl\/de\/wp-json\/wp\/v2\/types\/product"}],"wp:featuredmedia":[{"embeddable":true,"href":"https:\/\/vinoos.nl\/de\/wp-json\/wp\/v2\/media\/59692"}],"wp:attachment":[{"href":"https:\/\/vinoos.nl\/de\/wp-json\/wp\/v2\/media?parent=59691"}],"wp:term":[{"taxonomy":"product_brand","embeddable":true,"href":"https:\/\/vinoos.nl\/de\/wp-json\/wp\/v2\/product_brand?post=59691"},{"taxonomy":"product_cat","embeddable":true,"href":"https:\/\/vinoos.nl\/de\/wp-json\/wp\/v2\/product_cat?post=59691"},{"taxonomy":"product_tag","embeddable":true,"href":"https:\/\/vinoos.nl\/de\/wp-json\/wp\/v2\/product_tag?post=59691"}],"curies":[{"name":"wp","href":"https:\/\/api.w.org\/{rel}","templated":true}]}}