{"id":59684,"date":"2020-10-13T12:52:17","date_gmt":"2020-10-13T10:52:17","guid":{"rendered":"https:\/\/vinoos.nl\/?post_type=product&#038;p=59684"},"modified":"2026-03-18T14:51:32","modified_gmt":"2026-03-18T13:51:32","slug":"chardonnay","status":"publish","type":"product","link":"https:\/\/vinoos.nl\/de\/produkt\/chardonnay\/","title":{"rendered":"Chardonnay"},"content":{"rendered":"<p><span style=\"font-weight: 400;\">Legaler Spa\u00df den ganzen Tag mit dem schicken Vinoos Chardonnay! Entworfen in einer luxuri\u00f6sen, nachhaltigen Verpackung aus ungebleichtem Biotop-Papier und einer sch\u00f6nen cremefarbenen Farbe. Eine elegante Nase, sch\u00f6n blumig und voller Frucht. Eine sch\u00f6ne cremige Textur und ein langer Abgang. Sagen Sie niemals nein zu Chardonnay&#8230;.<\/span><\/p>\n<p>&nbsp;<\/p>\n","protected":false},"excerpt":{"rendered":"<p><span style=\"font-weight: 400;\">Exotisches Flaggschiff mit einem vollen, cremigen Geschmack.<\/span><\/p>\n","protected":false},"featured_media":59685,"template":"","meta":{"_acf_changed":false,"_et_pb_use_builder":"","_et_pb_old_content":"","_et_gb_content_width":"","inline_featured_image":false,"_monsterinsights_skip_tracking":false,"_monsterinsights_sitenote_active":false,"_monsterinsights_sitenote_note":"","_monsterinsights_sitenote_category":0},"product_brand":[],"product_cat":[296,293],"product_tag":[292],"class_list":{"0":"post-59684","1":"product","2":"type-product","3":"status-publish","4":"has-post-thumbnail","6":"product_cat-large-boxes-de","7":"product_cat-the-real-wine-gum-de","8":"product_tag-eu-de","9":"product_shipping_class-2-dagen-de","10":"pif-has-gallery","12":"first","13":"instock","14":"featured","15":"taxable","16":"shipping-taxable","17":"purchasable","18":"product-type-simple"},"acf":[],"_links":{"self":[{"href":"https:\/\/vinoos.nl\/de\/wp-json\/wp\/v2\/product\/59684","targetHints":{"allow":["GET"]}}],"collection":[{"href":"https:\/\/vinoos.nl\/de\/wp-json\/wp\/v2\/product"}],"about":[{"href":"https:\/\/vinoos.nl\/de\/wp-json\/wp\/v2\/types\/product"}],"wp:featuredmedia":[{"embeddable":true,"href":"https:\/\/vinoos.nl\/de\/wp-json\/wp\/v2\/media\/59685"}],"wp:attachment":[{"href":"https:\/\/vinoos.nl\/de\/wp-json\/wp\/v2\/media?parent=59684"}],"wp:term":[{"taxonomy":"product_brand","embeddable":true,"href":"https:\/\/vinoos.nl\/de\/wp-json\/wp\/v2\/product_brand?post=59684"},{"taxonomy":"product_cat","embeddable":true,"href":"https:\/\/vinoos.nl\/de\/wp-json\/wp\/v2\/product_cat?post=59684"},{"taxonomy":"product_tag","embeddable":true,"href":"https:\/\/vinoos.nl\/de\/wp-json\/wp\/v2\/product_tag?post=59684"}],"curies":[{"name":"wp","href":"https:\/\/api.w.org\/{rel}","templated":true}]}}